{"id":1713,"date":"2021-11-21T15:14:19","date_gmt":"2021-11-21T15:14:19","guid":{"rendered":"https:\/\/kristin-maass-malerei.de\/about\/"},"modified":"2024-02-10T20:25:37","modified_gmt":"2024-02-10T19:25:37","slug":"about","status":"publish","type":"page","link":"https:\/\/kristin-maass-malerei.de\/en\/about\/","title":{"rendered":"About"},"content":{"rendered":"<div data-elementor-type=\"wp-page\" data-elementor-id=\"1713\" class=\"elementor elementor-1713\">\n\t\t\t\t<div class=\"elementor-element elementor-element-dcfb448 e-flex e-con-boxed e-con e-parent\" data-id=\"dcfb448\" data-element_type=\"container\" data-settings=\"{&quot;background_background&quot;:&quot;classic&quot;}\">\n\t\t\t\t\t<div class=\"e-con-inner\">\n\t\t<div class=\"elementor-element elementor-element-d21b7e0 e-flex e-con-boxed e-con e-child\" data-id=\"d21b7e0\" data-element_type=\"container\">\n\t\t\t\t\t<div class=\"e-con-inner\">\n\t\t\t\t<div class=\"elementor-element elementor-element-e9fd9dc elementor-widget elementor-widget-heading\" data-id=\"e9fd9dc\" data-element_type=\"widget\" data-widget_type=\"heading.default\">\n\t\t\t\t<div class=\"elementor-widget-container\">\n\t\t\t\t\t<h1 class=\"elementor-heading-title elementor-size-default\">About<\/h1>\t\t\t\t<\/div>\n\t\t\t\t<\/div>\n\t\t\t\t\t<\/div>\n\t\t\t\t<\/div>\n\t\t\t\t\t<\/div>\n\t\t\t\t<\/div>\n\t\t<div class=\"elementor-element elementor-element-5b1733e e-flex e-con-boxed e-con e-parent\" data-id=\"5b1733e\" data-element_type=\"container\">\n\t\t\t\t\t<div class=\"e-con-inner\">\n\t\t<div class=\"elementor-element elementor-element-6fa4b61 e-con-full e-flex e-con e-child\" data-id=\"6fa4b61\" data-element_type=\"container\">\n\t\t\t\t<div class=\"elementor-element elementor-element-5dc4c93 elementor-widget elementor-widget-heading\" data-id=\"5dc4c93\" data-element_type=\"widget\" data-widget_type=\"heading.default\">\n\t\t\t\t<div class=\"elementor-widget-container\">\n\t\t\t\t\t<h4 class=\"elementor-heading-title elementor-size-default\">My paintings are inspired by the closeness to the sea, by my favourite places and by my everyday surroundings.<br><br>I do get my ideas when I go through old photos, taking photos during the holidays or even in my own kitchen. <\/h4>\t\t\t\t<\/div>\n\t\t\t\t<\/div>\n\t\t\t\t<div class=\"elementor-element elementor-element-fe446f6 elementor-widget elementor-widget-text-editor\" data-id=\"fe446f6\" data-element_type=\"widget\" data-widget_type=\"text-editor.default\">\n\t\t\t\t<div class=\"elementor-widget-container\">\n\t\t\t\t\t\t\t\t\t<p>For years I painted with oil paint on canvas. During my teacher training in art&nbsp;<span style=\"font-style: inherit; text-align: var(--text-align); -webkit-text-size-adjust: 100%;\">I began to experiment with abstract painting and ornaments as well as graphic reproduction, drawing and photography.<\/span><\/p>\n<p><span style=\"font-style: inherit; text-align: var(--text-align); -webkit-text-size-adjust: 100%;\">&nbsp;<\/span><\/p>\n<p>After that there was only little time for painting. It came back during my sabbatical in 2021\/22 with lots of new pictures.<\/p>\n<p>And here they are.<\/p>\t\t\t\t\t\t\t\t<\/div>\n\t\t\t\t<\/div>\n\t\t\t\t<\/div>\n\t\t<div class=\"elementor-element elementor-element-9b401e3 e-con-full e-flex e-con e-child\" data-id=\"9b401e3\" data-element_type=\"container\">\n\t\t\t\t<div class=\"elementor-element elementor-element-f5ffd8e elementor-widget elementor-widget-image\" data-id=\"f5ffd8e\" data-element_type=\"widget\" data-widget_type=\"image.default\">\n\t\t\t\t<div class=\"elementor-widget-container\">\n\t\t\t\t\t\t\t\t\t\t\t\t<figure class=\"wp-caption\">\n\t\t\t\t\t\t\t\t\t\t<img fetchpriority=\"high\" decoding=\"async\" width=\"768\" height=\"957\" src=\"https:\/\/kristin-maass-malerei.de\/wp-content\/uploads\/2024\/02\/IMG_8332-768x957.jpeg\" class=\"attachment-medium_large size-medium_large wp-image-2571\" alt=\"Mit Staffelei\" srcset=\"https:\/\/kristin-maass-malerei.de\/wp-content\/uploads\/2024\/02\/IMG_8332-768x957.jpeg 768w, https:\/\/kristin-maass-malerei.de\/wp-content\/uploads\/2024\/02\/IMG_8332-241x300.jpeg 241w, https:\/\/kristin-maass-malerei.de\/wp-content\/uploads\/2024\/02\/IMG_8332-e1707403872795.jpeg 822w, https:\/\/kristin-maass-malerei.de\/wp-content\/uploads\/2024\/02\/IMG_8332-10x12.jpeg 10w\" sizes=\"(max-width: 768px) 100vw, 768px\" \/>\t\t\t\t\t\t\t\t\t\t\t<figcaption class=\"widget-image-caption wp-caption-text\"><\/figcaption>\n\t\t\t\t\t\t\t\t\t\t<\/figure>\n\t\t\t\t\t\t\t\t\t<\/div>\n\t\t\t\t<\/div>\n\t\t\t\t<\/div>\n\t\t\t\t\t<\/div>\n\t\t\t\t<\/div>\n\t\t<div class=\"elementor-element elementor-element-6f2e7b1 e-flex e-con-boxed e-con e-parent\" data-id=\"6f2e7b1\" data-element_type=\"container\">\n\t\t\t\t\t<div class=\"e-con-inner\">\n\t\t\t\t<div class=\"elementor-element elementor-element-bfdc201 elementor-align-center elementor-widget elementor-widget-button\" data-id=\"bfdc201\" data-element_type=\"widget\" data-widget_type=\"button.default\">\n\t\t\t\t<div class=\"elementor-widget-container\">\n\t\t\t\t\t\t\t\t\t<div class=\"elementor-button-wrapper\">\n\t\t\t\t\t<a class=\"elementor-button elementor-button-link elementor-size-xl\" href=\"https:\/\/kristin-maass-malerei.de\/en\/\">\n\t\t\t\t\t\t<span class=\"elementor-button-content-wrapper\">\n\t\t\t\t\t\t<span class=\"elementor-button-icon\">\n\t\t\t\t<svg aria-hidden=\"true\" class=\"e-font-icon-svg e-fas-home\" viewbox=\"0 0 576 512\" xmlns=\"http:\/\/www.w3.org\/2000\/svg\"><path d=\"M280.37 148.26L96 300.11V464a16 16 0 0 0 16 16l112.06-.29a16 16 0 0 0 15.92-16V368a16 16 0 0 1 16-16h64a16 16 0 0 1 16 16v95.64a16 16 0 0 0 16 16.05L464 480a16 16 0 0 0 16-16V300L295.67 148.26a12.19 12.19 0 0 0-15.3 0zM571.6 251.47L488 182.56V44.05a12 12 0 0 0-12-12h-56a12 12 0 0 0-12 12v72.61L318.47 43a48 48 0 0 0-61 0L4.34 251.47a12 12 0 0 0-1.6 16.9l25.5 31A12 12 0 0 0 45.15 301l235.22-193.74a12.19 12.19 0 0 1 15.3 0L530.9 301a12 12 0 0 0 16.9-1.6l25.5-31a12 12 0 0 0-1.7-16.93z\"><\/path><\/svg>\t\t\t<\/span>\n\t\t\t\t\t\t\t\t<\/span>\n\t\t\t\t\t<\/a>\n\t\t\t\t<\/div>\n\t\t\t\t\t\t\t\t<\/div>\n\t\t\t\t<\/div>\n\t\t\t\t\t<\/div>\n\t\t\t\t<\/div>\n\t\t\t\t<\/div>","protected":false},"excerpt":{"rendered":"<p>\u00dcber mich Inspiriert durch die N\u00e4he zum Meer, von Lieblingsorten und meiner t\u00e4glichen Umgebung entsteht meine Malerei. Meine Bildideen entdecke ich beim Durchsehen alter Fotos, beim Fotografieren im Urlaub oder sogar zu Hause in der eigenen K\u00fcche. Viele Jahre habe ich mit \u00d6lfarben auf Leinwand gemalt. W\u00e4hrend meines Lehramt Studiums&nbsp;Kunst fing ich an, mit abstrakter [&hellip;]<\/p>\n","protected":false},"author":1,"featured_media":0,"parent":0,"menu_order":0,"comment_status":"closed","ping_status":"closed","template":"","meta":{"site-sidebar-layout":"no-sidebar","site-content-layout":"page-builder","ast-site-content-layout":"full-width-container","site-content-style":"unboxed","site-sidebar-style":"unboxed","ast-global-header-display":"","ast-banner-title-visibility":"","ast-main-header-display":"","ast-hfb-above-header-display":"","ast-hfb-below-header-display":"","ast-hfb-mobile-header-display":"","site-post-title":"disabled","ast-breadcrumbs-content":"","ast-featured-img":"disabled","footer-sml-layout":"","ast-disable-related-posts":"","theme-transparent-header-meta":"enabled","adv-header-id-meta":"","stick-header-meta":"","header-above-stick-meta":"","header-main-stick-meta":"","header-below-stick-meta":"","astra-migrate-meta-layouts":"set","ast-page-background-enabled":"default","ast-page-background-meta":{"desktop":{"background-color":"var(--ast-global-color-4)","background-image":"","background-repeat":"repeat","background-position":"center center","background-size":"auto","background-attachment":"scroll","background-type":"","background-media":"","overlay-type":"","overlay-color":"","overlay-opacity":"","overlay-gradient":""},"tablet":{"background-color":"","background-image":"","background-repeat":"repeat","background-position":"center center","background-size":"auto","background-attachment":"scroll","background-type":"","background-media":"","overlay-type":"","overlay-color":"","overlay-opacity":"","overlay-gradient":""},"mobile":{"background-color":"","background-image":"","background-repeat":"repeat","background-position":"center center","background-size":"auto","background-attachment":"scroll","background-type":"","background-media":"","overlay-type":"","overlay-color":"","overlay-opacity":"","overlay-gradient":""}},"ast-content-background-meta":{"desktop":{"background-color":"var(--ast-global-color-5)","background-image":"","background-repeat":"repeat","background-position":"center center","background-size":"auto","background-attachment":"scroll","background-type":"","background-media":"","overlay-type":"","overlay-color":"","overlay-opacity":"","overlay-gradient":""},"tablet":{"background-color":"var(--ast-global-color-5)","background-image":"","background-repeat":"repeat","background-position":"center center","background-size":"auto","background-attachment":"scroll","background-type":"","background-media":"","overlay-type":"","overlay-color":"","overlay-opacity":"","overlay-gradient":""},"mobile":{"background-color":"var(--ast-global-color-5)","background-image":"","background-repeat":"repeat","background-position":"center center","background-size":"auto","background-attachment":"scroll","background-type":"","background-media":"","overlay-type":"","overlay-color":"","overlay-opacity":"","overlay-gradient":""}},"footnotes":""},"yoast_head":"<!-- This site is optimized with the Yoast SEO plugin v23.5 - https:\/\/yoast.com\/wordpress\/plugins\/seo\/ -->\n<title>About - Kristin Maass<\/title>\n<meta name=\"robots\" content=\"index, follow, max-snippet:-1, max-image-preview:large, max-video-preview:-1\" \/>\n<link rel=\"canonical\" href=\"https:\/\/kristin-maass-malerei.de\/en\/about\/\" \/>\n<meta property=\"og:locale\" content=\"en_GB\" \/>\n<meta property=\"og:type\" content=\"article\" \/>\n<meta property=\"og:title\" content=\"About - Kristin Maass\" \/>\n<meta property=\"og:description\" content=\"\u00dcber mich Inspiriert durch die N\u00e4he zum Meer, von Lieblingsorten und meiner t\u00e4glichen Umgebung entsteht meine Malerei. Meine Bildideen entdecke ich beim Durchsehen alter Fotos, beim Fotografieren im Urlaub oder sogar zu Hause in der eigenen K\u00fcche. Viele Jahre habe ich mit \u00d6lfarben auf Leinwand gemalt. W\u00e4hrend meines Lehramt Studiums&nbsp;Kunst fing ich an, mit abstrakter [&hellip;]\" \/>\n<meta property=\"og:url\" content=\"https:\/\/kristin-maass-malerei.de\/en\/about\/\" \/>\n<meta property=\"og:site_name\" content=\"Kristin Maass\" \/>\n<meta property=\"article:modified_time\" content=\"2024-02-10T19:25:37+00:00\" \/>\n<meta property=\"og:image\" content=\"https:\/\/kristin-maass-malerei.de\/wp-content\/uploads\/2024\/02\/IMG_8332-768x957.jpeg\" \/>\n<meta name=\"twitter:card\" content=\"summary_large_image\" \/>\n<meta name=\"twitter:label1\" content=\"Estimated reading time\" \/>\n\t<meta name=\"twitter:data1\" content=\"2 minutes\" \/>\n<script type=\"application\/ld+json\" class=\"yoast-schema-graph\">{\"@context\":\"https:\/\/schema.org\",\"@graph\":[{\"@type\":\"WebPage\",\"@id\":\"https:\/\/kristin-maass-malerei.de\/about\/\",\"url\":\"https:\/\/kristin-maass-malerei.de\/about\/\",\"name\":\"About - Kristin Maass\",\"isPartOf\":{\"@id\":\"https:\/\/kristin-maass-malerei.de\/#website\"},\"primaryImageOfPage\":{\"@id\":\"https:\/\/kristin-maass-malerei.de\/about\/#primaryimage\"},\"image\":{\"@id\":\"https:\/\/kristin-maass-malerei.de\/about\/#primaryimage\"},\"thumbnailUrl\":\"https:\/\/kristin-maass-malerei.de\/wp-content\/uploads\/2024\/02\/IMG_8332-768x957.jpeg\",\"datePublished\":\"2021-11-21T15:14:19+00:00\",\"dateModified\":\"2024-02-10T19:25:37+00:00\",\"breadcrumb\":{\"@id\":\"https:\/\/kristin-maass-malerei.de\/about\/#breadcrumb\"},\"inLanguage\":\"en-GB\",\"potentialAction\":[{\"@type\":\"ReadAction\",\"target\":[\"https:\/\/kristin-maass-malerei.de\/about\/\"]}]},{\"@type\":\"ImageObject\",\"inLanguage\":\"en-GB\",\"@id\":\"https:\/\/kristin-maass-malerei.de\/about\/#primaryimage\",\"url\":\"https:\/\/kristin-maass-malerei.de\/wp-content\/uploads\/2024\/02\/IMG_8332-768x957.jpeg\",\"contentUrl\":\"https:\/\/kristin-maass-malerei.de\/wp-content\/uploads\/2024\/02\/IMG_8332-768x957.jpeg\"},{\"@type\":\"BreadcrumbList\",\"@id\":\"https:\/\/kristin-maass-malerei.de\/about\/#breadcrumb\",\"itemListElement\":[{\"@type\":\"ListItem\",\"position\":1,\"name\":\"Startseite\",\"item\":\"https:\/\/kristin-maass-malerei.de\/\"},{\"@type\":\"ListItem\",\"position\":2,\"name\":\"About\"}]},{\"@type\":\"WebSite\",\"@id\":\"https:\/\/kristin-maass-malerei.de\/#website\",\"url\":\"https:\/\/kristin-maass-malerei.de\/\",\"name\":\"Kristin Maass\",\"description\":\"Acrylmalerei &amp; Druckgrafik\",\"potentialAction\":[{\"@type\":\"SearchAction\",\"target\":{\"@type\":\"EntryPoint\",\"urlTemplate\":\"https:\/\/kristin-maass-malerei.de\/?s={search_term_string}\"},\"query-input\":{\"@type\":\"PropertyValueSpecification\",\"valueRequired\":true,\"valueName\":\"search_term_string\"}}],\"inLanguage\":\"en-GB\"}]}<\/script>\n<!-- \/ Yoast SEO plugin. -->","yoast_head_json":{"title":"About - Kristin Maass","robots":{"index":"index","follow":"follow","max-snippet":"max-snippet:-1","max-image-preview":"max-image-preview:large","max-video-preview":"max-video-preview:-1"},"canonical":"https:\/\/kristin-maass-malerei.de\/en\/about\/","og_locale":"en_GB","og_type":"article","og_title":"About - Kristin Maass","og_description":"\u00dcber mich Inspiriert durch die N\u00e4he zum Meer, von Lieblingsorten und meiner t\u00e4glichen Umgebung entsteht meine Malerei. Meine Bildideen entdecke ich beim Durchsehen alter Fotos, beim Fotografieren im Urlaub oder sogar zu Hause in der eigenen K\u00fcche. Viele Jahre habe ich mit \u00d6lfarben auf Leinwand gemalt. W\u00e4hrend meines Lehramt Studiums&nbsp;Kunst fing ich an, mit abstrakter [&hellip;]","og_url":"https:\/\/kristin-maass-malerei.de\/en\/about\/","og_site_name":"Kristin Maass","article_modified_time":"2024-02-10T19:25:37+00:00","og_image":[{"url":"https:\/\/kristin-maass-malerei.de\/wp-content\/uploads\/2024\/02\/IMG_8332-768x957.jpeg"}],"twitter_card":"summary_large_image","twitter_misc":{"Estimated reading time":"2 minutes"},"schema":{"@context":"https:\/\/schema.org","@graph":[{"@type":"WebPage","@id":"https:\/\/kristin-maass-malerei.de\/about\/","url":"https:\/\/kristin-maass-malerei.de\/about\/","name":"About - Kristin Maass","isPartOf":{"@id":"https:\/\/kristin-maass-malerei.de\/#website"},"primaryImageOfPage":{"@id":"https:\/\/kristin-maass-malerei.de\/about\/#primaryimage"},"image":{"@id":"https:\/\/kristin-maass-malerei.de\/about\/#primaryimage"},"thumbnailUrl":"https:\/\/kristin-maass-malerei.de\/wp-content\/uploads\/2024\/02\/IMG_8332-768x957.jpeg","datePublished":"2021-11-21T15:14:19+00:00","dateModified":"2024-02-10T19:25:37+00:00","breadcrumb":{"@id":"https:\/\/kristin-maass-malerei.de\/about\/#breadcrumb"},"inLanguage":"en-GB","potentialAction":[{"@type":"ReadAction","target":["https:\/\/kristin-maass-malerei.de\/about\/"]}]},{"@type":"ImageObject","inLanguage":"en-GB","@id":"https:\/\/kristin-maass-malerei.de\/about\/#primaryimage","url":"https:\/\/kristin-maass-malerei.de\/wp-content\/uploads\/2024\/02\/IMG_8332-768x957.jpeg","contentUrl":"https:\/\/kristin-maass-malerei.de\/wp-content\/uploads\/2024\/02\/IMG_8332-768x957.jpeg"},{"@type":"BreadcrumbList","@id":"https:\/\/kristin-maass-malerei.de\/about\/#breadcrumb","itemListElement":[{"@type":"ListItem","position":1,"name":"Startseite","item":"https:\/\/kristin-maass-malerei.de\/"},{"@type":"ListItem","position":2,"name":"About"}]},{"@type":"WebSite","@id":"https:\/\/kristin-maass-malerei.de\/#website","url":"https:\/\/kristin-maass-malerei.de\/","name":"Kristin Maass","description":"acrylic painting and printmaking","potentialAction":[{"@type":"SearchAction","target":{"@type":"EntryPoint","urlTemplate":"https:\/\/kristin-maass-malerei.de\/?s={search_term_string}"},"query-input":{"@type":"PropertyValueSpecification","valueRequired":true,"valueName":"search_term_string"}}],"inLanguage":"en-GB"}]}},"_links":{"self":[{"href":"https:\/\/kristin-maass-malerei.de\/en\/wp-json\/wp\/v2\/pages\/1713"}],"collection":[{"href":"https:\/\/kristin-maass-malerei.de\/en\/wp-json\/wp\/v2\/pages"}],"about":[{"href":"https:\/\/kristin-maass-malerei.de\/en\/wp-json\/wp\/v2\/types\/page"}],"author":[{"embeddable":true,"href":"https:\/\/kristin-maass-malerei.de\/en\/wp-json\/wp\/v2\/users\/1"}],"replies":[{"embeddable":true,"href":"https:\/\/kristin-maass-malerei.de\/en\/wp-json\/wp\/v2\/comments?post=1713"}],"version-history":[{"count":130,"href":"https:\/\/kristin-maass-malerei.de\/en\/wp-json\/wp\/v2\/pages\/1713\/revisions"}],"predecessor-version":[{"id":2865,"href":"https:\/\/kristin-maass-malerei.de\/en\/wp-json\/wp\/v2\/pages\/1713\/revisions\/2865"}],"wp:attachment":[{"href":"https:\/\/kristin-maass-malerei.de\/en\/wp-json\/wp\/v2\/media?parent=1713"}],"curies":[{"name":"wp","href":"https:\/\/api.w.org\/{rel}","templated":true}]}}